{"id":6,"date":"2020-06-17T07:57:04","date_gmt":"2020-06-17T11:57:04","guid":{"rendered":"https:\/\/movil.globaldelsaber.com\/?page_id=6"},"modified":"2020-06-18T14:18:48","modified_gmt":"2020-06-18T18:18:48","slug":"the-new-umoma-opens-its-doors-2","status":"publish","type":"page","link":"https:\/\/movil.globaldelsaber.com\/","title":{"rendered":"WhatsApp Learning"},"content":{"rendered":"\n<div class=\"wp-container-1 wp-block-group alignwide\"><div class=\"wp-block-group__inner-container\">\n<p><\/p>\n\n\n\n<h2 class=\"has-text-align-center has-accent-color has-text-color\">Aprendizaje soportado en la App WhatsApp y WordPress.<\/h2>\n<\/div><\/div>\n\n\n\n<div class=\"wp-block-columns alignwide\">\n<div class=\"wp-block-column\"><\/div>\n\n\n\n<div class=\"wp-block-column\"><\/div>\n<\/div>\n\n\n\n<figure class=\"wp-block-image alignfull size-large\"><img loading=\"lazy\" width=\"1024\" height=\"573\" src=\"https:\/\/movil.globaldelsaber.com\/wp-content\/uploads\/2020\/06\/whatsapp-trucos-1024x573.jpg\" alt=\"\" class=\"wp-image-35\" srcset=\"https:\/\/movil.globaldelsaber.com\/wp-content\/uploads\/2020\/06\/whatsapp-trucos-1024x573.jpg 1024w, https:\/\/movil.globaldelsaber.com\/wp-content\/uploads\/2020\/06\/whatsapp-trucos-300x168.jpg 300w, https:\/\/movil.globaldelsaber.com\/wp-content\/uploads\/2020\/06\/whatsapp-trucos-768x430.jpg 768w, https:\/\/movil.globaldelsaber.com\/wp-content\/uploads\/2020\/06\/whatsapp-trucos-1200x672.jpg 1200w, https:\/\/movil.globaldelsaber.com\/wp-content\/uploads\/2020\/06\/whatsapp-trucos.jpg 1366w\" sizes=\"(max-width: 1024px) 100vw, 1024px\" \/><\/figure>\n\n\n\n<div class=\"wp-container-2 wp-block-group alignwide\"><div class=\"wp-block-group__inner-container\"><\/div><\/div>\n\n\n\n<div class=\"wp-container-4 wp-block-group alignwide has-background\" style=\"background-color:#ffffff\"><div class=\"wp-block-group__inner-container\">\n<div class=\"wp-container-3 wp-block-group\"><div class=\"wp-block-group__inner-container\">\n<h2 class=\"has-text-align-center\">WhatsApp Learning<\/h2>\n\n\n\n<p class=\"has-text-align-center\"><strong>Cursos cortos<\/strong> de contenidos asincr\u00f3nicos permanentes, desarrollados totalmente en l\u00ednea, con asesor\u00eda y acompa\u00f1amiento sincr\u00f3nico. Usando un ambiente de aprendizaje integrado por WhatsApp y WordPress<\/p>\n<\/div><\/div>\n<\/div><\/div>\n","protected":false},"excerpt":{"rendered":"<p>Aprendizaje soportado en la App WhatsApp y WordPress. WhatsApp Learning Cursos cortos de contenidos asincr\u00f3nicos permanentes, desarrollados totalmente en l\u00ednea, con asesor\u00eda y acompa\u00f1amiento sincr\u00f3nico. Usando un ambiente de aprendizaje integrado por WhatsApp y WordPress<\/p>\n","protected":false},"author":1,"featured_media":85,"parent":0,"menu_order":0,"comment_status":"closed","ping_status":"closed","template":"templates\/template-cover.php","meta":{"advgb_blocks_editor_width":"","advgb_blocks_columns_visual_guide":"","_coblocks_attr":"","_coblocks_dimensions":"","_coblocks_responsive_height":"","_coblocks_accordion_ie_support":"","ub_ctt_via":""},"featured_image_src":"https:\/\/movil.globaldelsaber.com\/wp-content\/uploads\/2020\/06\/portadaWA.jpg","coauthors":[],"author_meta":{"author_link":"https:\/\/movil.globaldelsaber.com\/index.php\/author\/raymondaulaciete-net\/","display_name":"raymond@aulaciete.net"},"relative_dates":{"created":"Posted 6 a\u00f1os ago","modified":"Updated 6 a\u00f1os ago"},"absolute_dates":{"created":"Posted on 17\/06\/2020","modified":"Updated on 18\/06\/2020"},"absolute_dates_time":{"created":"Posted on 17\/06\/2020 7:57 am","modified":"Updated on 18\/06\/2020 2:18 pm"},"featured_img_caption":"","featured_img":"https:\/\/movil.globaldelsaber.com\/wp-content\/uploads\/2020\/06\/portadaWA-1200x375.jpg","uagb_featured_image_src":{"full":["https:\/\/movil.globaldelsaber.com\/wp-content\/uploads\/2020\/06\/portadaWA.jpg",1600,500,false],"thumbnail":["https:\/\/movil.globaldelsaber.com\/wp-content\/uploads\/2020\/06\/portadaWA-150x150.jpg",150,150,true],"medium":["https:\/\/movil.globaldelsaber.com\/wp-content\/uploads\/2020\/06\/portadaWA-300x94.jpg",300,94,true],"medium_large":["https:\/\/movil.globaldelsaber.com\/wp-content\/uploads\/2020\/06\/portadaWA-768x240.jpg",580,181,true],"large":["https:\/\/movil.globaldelsaber.com\/wp-content\/uploads\/2020\/06\/portadaWA-1024x320.jpg",580,181,true],"1536x1536":["https:\/\/movil.globaldelsaber.com\/wp-content\/uploads\/2020\/06\/portadaWA-1536x480.jpg",1536,480,true],"2048x2048":["https:\/\/movil.globaldelsaber.com\/wp-content\/uploads\/2020\/06\/portadaWA.jpg",1600,500,false],"post-thumbnail":["https:\/\/movil.globaldelsaber.com\/wp-content\/uploads\/2020\/06\/portadaWA-1200x375.jpg",1200,375,true],"twentytwenty-fullscreen":["https:\/\/movil.globaldelsaber.com\/wp-content\/uploads\/2020\/06\/portadaWA.jpg",1600,500,false]},"uagb_author_info":{"display_name":"raymond@aulaciete.net","author_link":"https:\/\/movil.globaldelsaber.com\/index.php\/author\/raymondaulaciete-net\/"},"uagb_comment_info":0,"uagb_excerpt":"Aprendizaje soportado en la App WhatsApp y WordPress. WhatsApp Learning Cursos cortos de contenidos asincr\u00f3nicos permanentes, desarrollados totalmente en l\u00ednea, con asesor\u00eda y acompa\u00f1amiento sincr\u00f3nico. Usando un ambiente de aprendizaje integrado por WhatsApp y WordPress","_links":{"self":[{"href":"https:\/\/movil.globaldelsaber.com\/index.php\/wp-json\/wp\/v2\/pages\/6"}],"collection":[{"href":"https:\/\/movil.globaldelsaber.com\/index.php\/wp-json\/wp\/v2\/pages"}],"about":[{"href":"https:\/\/movil.globaldelsaber.com\/index.php\/wp-json\/wp\/v2\/types\/page"}],"author":[{"embeddable":true,"href":"https:\/\/movil.globaldelsaber.com\/index.php\/wp-json\/wp\/v2\/users\/1"}],"replies":[{"embeddable":true,"href":"https:\/\/movil.globaldelsaber.com\/index.php\/wp-json\/wp\/v2\/comments?post=6"}],"version-history":[{"count":18,"href":"https:\/\/movil.globaldelsaber.com\/index.php\/wp-json\/wp\/v2\/pages\/6\/revisions"}],"predecessor-version":[{"id":153,"href":"https:\/\/movil.globaldelsaber.com\/index.php\/wp-json\/wp\/v2\/pages\/6\/revisions\/153"}],"wp:featuredmedia":[{"embeddable":true,"href":"https:\/\/movil.globaldelsaber.com\/index.php\/wp-json\/wp\/v2\/media\/85"}],"wp:attachment":[{"href":"https:\/\/movil.globaldelsaber.com\/index.php\/wp-json\/wp\/v2\/media?parent=6"}],"curies":[{"name":"wp","href":"https:\/\/api.w.org\/{rel}","templated":true}]}}